{"id":3174,"date":"2022-03-20T22:16:38","date_gmt":"2022-03-20T19:16:38","guid":{"rendered":"https:\/\/organizeisler.com.tr\/?page_id=3174"},"modified":"2022-03-20T22:33:31","modified_gmt":"2022-03-20T19:33:31","slug":"ses-isik","status":"publish","type":"page","link":"https:\/\/organizeisler.com.tr\/index.php\/ses-isik\/","title":{"rendered":"SES &#038; I\u015eIK"},"content":{"rendered":"<p>[vc_row][vc_column][vc_column_text]<\/p>\n<h2 class=\"has-text-align-center wp-block-heading\">SES &amp; I\u015eIK<\/h2>\n\n<p>konser alan\u0131nda yer alan sahnede;&nbsp;<strong>ses<\/strong>&nbsp;ve&nbsp;<strong>\u0131\u015f\u0131k<\/strong>&nbsp;sisteminin ayarlanabilir \u015fekilde monte edildi\u011fi demir iskelet sistemdir. Burada&nbsp;<strong>ses<\/strong>&nbsp;ve&nbsp;<strong>\u0131\u015f\u0131k<\/strong>&nbsp;sistemi, istenilen y\u00fckseklikte ayarlanabilir. Bu \u015fekilde sahnenin her yeri ayn\u0131 \u00f6l\u00e7\u00fcde ayd\u0131nlat\u0131l\u0131r ve alanda&nbsp;<strong>ses<\/strong>&nbsp;e\u015fit d\u00fczeyde yay\u0131labilir.<\/p>\n\n\n[\/vc_column_text][\/vc_column][\/vc_row][vc_row][vc_column][vc_raw_html]JTNDaDIlMjBzdHlsZSUzRCUyMiUyMiUyMGNsYXNzJTNEJTIyY2VudHJlLWxpbmUlMjIlM0UlM0NzcGFuJTNFU09OJTIwJUM0JUIwJUM1JTlFTEVSJUM0JUIwTSVDNCVCMFolM0MlMkZzcGFuJTNFJTNDJTJGaDIlM0UlMEElM0NzdHlsZSUzRSUwQWgyLmNlbnRyZS1saW5lJTBBJTdCJTBBJTIwd2lkdGglM0ElMjAxMDAlMjUlM0IlMEElMjAlMjAlMjAlMjB0ZXh0LWFsaWduJTNBJTIwY2VudGVyJTNCJTBBJTIwJTIwJTIwJTIwYm9yZGVyLWJvdHRvbSUzQSUyMDAuMnJlbSUyMHNvbGlkJTIwJTIzZmZjNzEyJTNCJTBBJTIwJTIwJTIwJTIwbGluZS1oZWlnaHQlM0ElMjAwLjFlbSUzQiUwQSUyMCUyMCUyMCUyMG1hcmdpbiUzQSUyMDIuNXJlbSUyMDAlMjUlM0IlMEElMjAlMjAlMjAlMjBib3JkZXItcmFkaXVzJTNBJTIwMHB4JTNCJTBBJTdEJTBBJTBBJTBBaDIuY2VudHJlLWxpbmUlMjBzcGFuJTBBJTdCJTIwJTBBJTIwJTIwJTIwYmFja2dyb3VuZC1jb2xvciUzQSUyMCUyM2ZmYzcxMiUzQiUwQSUyMCUyMCUyMCUyMHBhZGRpbmclM0ElMjAwJTIwMnJlbSUzQiUwQSUyMCUyMCUyMCUyMGJvcmRlci1yYWRpdXMlM0ElMjAxNnB4JTNCJTBBJTdEJTBBJTNDJTJGc3R5bGUlM0U=[\/vc_raw_html][\/vc_column][\/vc_row][vc_row][vc_column][vc_basic_grid post_type=&#8221;post&#8221; max_items=&#8221;10000&#8243; element_width=&#8221;3&#8243; item=&#8221;2879&#8243; initial_loading_animation=&#8221;rubberBand&#8221; grid_id=&#8221;vc_gid:1647803835077-fd8c2753ef35697720deaef25cbb5187-1&#8243; taxonomies=&#8221;242, 236, 251, 235, 228, 229&#8243;][\/vc_column][\/vc_row][vc_row][vc_column][vc_column_text]\n<div class=\"wp-block-columns is-not-stacked-on-mobile is-layout-flex wp-container-core-columns-is-layout-9d6595d7 wp-block-columns-is-layout-flex\">\n<div class=\"wp-block-column is-vertically-aligned-bottom is-layout-flow wp-block-column-is-layout-flow\" style=\"flex-basis:200px\">\n<div class=\"wp-block-buttons is-horizontal is-content-justification-space-between is-layout-flex wp-container-core-buttons-is-layout-9262d1ff wp-block-buttons-is-layout-flex\">\n<div class=\"wp-block-button aligncenter has-custom-font-size\" style=\"font-size: 14px;\"><a class=\"wp-block-button__link has-black-color has-luminous-vivid-amber-background-color has-text-color has-background\" href=\"https:\/\/organizeisler.com.tr\/index.php\/iletisim\/\" rel=\"noopener\">ileti\u015fme ge\u00e7<\/a><\/div>\n<p><\/div>\n<p><\/div>\n\n\n<div class=\"wp-block-column is-vertically-aligned-center is-layout-flow wp-block-column-is-layout-flow\" style=\"flex-basis:220px\">\n<div class=\"wp-block-buttons is-content-justification-right is-layout-flex wp-container-core-buttons-is-layout-765c4724 wp-block-buttons-is-layout-flex\">\n<div class=\"wp-block-button has-custom-font-size is-style-outline is-style-outline--1\" style=\"font-size: 14px;\"><a class=\"wp-block-button__link\" href=\"https:\/\/organizeisler.com.tr\/index.php\/hizmetler\/\" rel=\"noopener\">Di\u011fer hizmetler<\/a><\/div>\n<p><\/div>\n<p><\/div>\n<p><\/div>\n\n<div style=\"font-size:9px;font-style:normal;font-weight:700;\" class=\"wp-block-post-author\"><div class=\"wp-block-post-author__avatar\"><img alt='' src='https:\/\/secure.gravatar.com\/avatar\/e4558edcfe8534a384f7779259af0a23428299761df8cd33b5cf3e68668b89dc?s=48&#038;d=mm&#038;r=g' srcset='https:\/\/secure.gravatar.com\/avatar\/e4558edcfe8534a384f7779259af0a23428299761df8cd33b5cf3e68668b89dc?s=96&#038;d=mm&#038;r=g 2x' class='avatar avatar-48 photo' height='48' width='48' \/><\/div><div class=\"wp-block-post-author__content\"><p class=\"wp-block-post-author__name\">Ahmed<\/p><p class=\"wp-block-post-author__bio\"><\/p><\/div><\/div>\n<p><br \/>\n[\/vc_column_text][\/vc_column][\/vc_row]<\/p>\n","protected":false},"excerpt":{"rendered":"<p>[vc_row][vc_column][vc_column_text] SES &amp; I\u015eIK konser alan\u0131nda yer alan sahnede;&nbsp;ses&nbsp;ve&nbsp;\u0131\u015f\u0131k&nbsp;sisteminin ayarlanabilir \u015fekilde monte edildi\u011fi demir iskelet sistemdir. Burada&nbsp;ses&nbsp;ve&nbsp;\u0131\u015f\u0131k&nbsp;sistemi, istenilen y\u00fckseklikte ayarlanabilir. Bu \u015fekilde sahnenin her yeri ayn\u0131 \u00f6l\u00e7\u00fcde ayd\u0131nlat\u0131l\u0131r ve alanda&nbsp;ses&nbsp;e\u015fit d\u00fczeyde yay\u0131labilir. [\/vc_column_text][\/vc_column][\/vc_row][vc_row][vc_column][vc_raw_html]JTNDaDIlMjBzdHlsZSUzRCUyMiUyMiUyMGNsYXNzJTNEJTIyY2VudHJlLWxpbmUlMjIlM0UlM0NzcGFuJTNFU09OJTIwJUM0JUIwJUM1JTlFTEVSJUM0JUIwTSVDNCVCMFolM0MlMkZzcGFuJTNFJTNDJTJGaDIlM0UlMEElM0NzdHlsZSUzRSUwQWgyLmNlbnRyZS1saW5lJTBBJTdCJTBBJTIwd2lkdGglM0ElMjAxMDAlMjUlM0IlMEElMjAlMjAlMjAlMjB0ZXh0LWFsaWduJTNBJTIwY2VudGVyJTNCJTBBJTIwJTIwJTIwJTIwYm9yZGVyLWJvdHRvbSUzQSUyMDAuMnJlbSUyMHNvbGlkJTIwJTIzZmZjNzEyJTNCJTBBJTIwJTIwJTIwJTIwbGluZS1oZWlnaHQlM0ElMjAwLjFlbSUzQiUwQSUyMCUyMCUyMCUyMG1hcmdpbiUzQSUyMDIuNXJlbSUyMDAlMjUlM0IlMEElMjAlMjAlMjAlMjBib3JkZXItcmFkaXVzJTNBJTIwMHB4JTNCJTBBJTdEJTBBJTBBJTBBaDIuY2VudHJlLWxpbmUlMjBzcGFuJTBBJTdCJTIwJTBBJTIwJTIwJTIwYmFja2dyb3VuZC1jb2xvciUzQSUyMCUyM2ZmYzcxMiUzQiUwQSUyMCUyMCUyMCUyMHBhZGRpbmclM0ElMjAwJTIwMnJlbSUzQiUwQSUyMCUyMCUyMCUyMGJvcmRlci1yYWRpdXMlM0ElMjAxNnB4JTNCJTBBJTdEJTBBJTNDJTJGc3R5bGUlM0U=[\/vc_raw_html][\/vc_column][\/vc_row][vc_row][vc_column][vc_basic_grid post_type=&#8221;post&#8221; max_items=&#8221;10000&#8243; element_width=&#8221;3&#8243; item=&#8221;2879&#8243; initial_loading_animation=&#8221;rubberBand&#8221; grid_id=&#8221;vc_gid:1647803835077-fd8c2753ef35697720deaef25cbb5187-1&#8243; taxonomies=&#8221;242, 236, 251, 235, 228, 229&#8243;][\/vc_column][\/vc_row][vc_row][vc_column][vc_column_text] [\/vc_column_text][\/vc_column][\/vc_row]<\/p>\n","protected":false},"author":1,"featured_media":3176,"parent":0,"menu_order":0,"comment_status":"closed","ping_status":"closed","template":"","meta":{"footnotes":""},"class_list":["post-3174","page","type-page","status-publish","has-post-thumbnail","hentry"],"_links":{"self":[{"href":"https:\/\/organizeisler.com.tr\/index.php\/wp-json\/wp\/v2\/pages\/3174","targetHints":{"allow":["GET"]}}],"collection":[{"href":"https:\/\/organizeisler.com.tr\/index.php\/wp-json\/wp\/v2\/pages"}],"about":[{"href":"https:\/\/organizeisler.com.tr\/index.php\/wp-json\/wp\/v2\/types\/page"}],"author":[{"embeddable":true,"href":"https:\/\/organizeisler.com.tr\/index.php\/wp-json\/wp\/v2\/users\/1"}],"replies":[{"embeddable":true,"href":"https:\/\/organizeisler.com.tr\/index.php\/wp-json\/wp\/v2\/comments?post=3174"}],"version-history":[{"count":4,"href":"https:\/\/organizeisler.com.tr\/index.php\/wp-json\/wp\/v2\/pages\/3174\/revisions"}],"predecessor-version":[{"id":3182,"href":"https:\/\/organizeisler.com.tr\/index.php\/wp-json\/wp\/v2\/pages\/3174\/revisions\/3182"}],"wp:featuredmedia":[{"embeddable":true,"href":"https:\/\/organizeisler.com.tr\/index.php\/wp-json\/wp\/v2\/media\/3176"}],"wp:attachment":[{"href":"https:\/\/organizeisler.com.tr\/index.php\/wp-json\/wp\/v2\/media?parent=3174"}],"curies":[{"name":"wp","href":"https:\/\/api.w.org\/{rel}","templated":true}]}}