{"id":3165,"date":"2022-03-20T21:23:36","date_gmt":"2022-03-20T18:23:36","guid":{"rendered":"https:\/\/organizeisler.com.tr\/?page_id=3165"},"modified":"2022-04-09T06:19:31","modified_gmt":"2022-04-09T03:19:31","slug":"sunnet-dugunu","status":"publish","type":"page","link":"https:\/\/organizeisler.com.tr\/index.php\/sunnet-dugunu\/","title":{"rendered":"S\u00dcNNET D\u00dc\u011e\u00dcN\u00dc"},"content":{"rendered":"<p>[vc_row][vc_column][vc_column_text]<\/p>\n<h2 class=\"has-text-align-center wp-block-heading\">S\u00dcNNET D\u00dc\u011e\u00dcN\u00dc<\/h2>\n\n<p style=\"text-align: center;\"><b>S\u00fcnnet d\u00fc\u011f\u00fcn\u00fc<\/b>\u00a0erkek \u00e7ocu\u011fun\u00a0<b>s\u00fcnnet<\/b>\u00a0ettirilmesinin kutlanmas\u0131d\u0131r.\u00a0<b>S\u00fcnnet<\/b>\u00a0d\u00fc\u011f\u00fcn\u00fcn\u00fc yapan aile o\u011flunun\u00a0<b>s\u00fcnnet<\/b>\u00a0edilmesine duydu\u011fu sevinci, yak\u0131nlar\u0131yla bunu kutlayarak payla\u015f\u0131r. \u0130slam dininin gereklerinden olan her erkek \u00e7ocu\u011funun\u00a0<b>s\u00fcnnet<\/b>\u00a0edilmesi halk aras\u0131nda baz\u0131 gelenekleri beraberinde getirmi\u015ftir<\/p>\n<p>S\u00fcnnet d\u00fc\u011f\u00fcn\u00fcnde masa sandalyelerin kiralanmas\u0131, s\u00fcslenmesi, \u00e7ocu\u011fun giyinmesi, isteniyorsa palya\u00e7o se\u00e7imi ve g\u00f6sterimlerin haz\u0131rlanmas\u0131, mevlit okutulmas\u0131, misafirlerin davet etmek i\u00e7in davetiye bast\u0131r\u0131lmas\u0131 gibi her t\u00fcrl\u00fc gereksinimler firmam\u0131z Vadi Organizasyon taraf\u0131ndan halledilmektedir. Bu konuda hizmet almak i\u00e7in 7\/24 bizimle ileti\u015fime ge\u00e7ebilirsiniz.<\/p>\n<p>[\/vc_column_text][\/vc_column][\/vc_row][vc_row][vc_column][vc_raw_html]JTNDaDIlMjBzdHlsZSUzRCUyMiUyMiUyMGNsYXNzJTNEJTIyY2VudHJlLWxpbmUlMjIlM0UlM0NzcGFuJTNFUyVDMyU5Q05ORVQlMjBEJUMzJTlDJUM0JTlFJUMzJTlDTkxFUiVDNCVCMCUzQyUyRnNwYW4lM0UlM0MlMkZoMiUzRSUwQSUzQ3N0eWxlJTNFJTBBaDIuY2VudHJlLWxpbmUlMEElN0IlMEElMjB3aWR0aCUzQSUyMDEwMCUyNSUzQiUwQSUyMCUyMCUyMCUyMHRleHQtYWxpZ24lM0ElMjBjZW50ZXIlM0IlMEElMjAlMjAlMjAlMjBib3JkZXItYm90dG9tJTNBJTIwMC4ycmVtJTIwc29saWQlMjAlMjNmZmM3MTIlM0IlMEElMjAlMjAlMjAlMjBsaW5lLWhlaWdodCUzQSUyMDAuMWVtJTNCJTBBJTIwJTIwJTIwJTIwbWFyZ2luJTNBJTIwMi41cmVtJTIwMCUyNSUzQiUwQSUyMCUyMCUyMCUyMGJvcmRlci1yYWRpdXMlM0ElMjAwcHglM0IlMEElN0QlMEElMEElMEFoMi5jZW50cmUtbGluZSUyMHNwYW4lMEElN0IlMjAlMEElMjAlMjAlMjBiYWNrZ3JvdW5kLWNvbG9yJTNBJTIwJTIzZmZjNzEyJTNCJTBBJTIwJTIwJTIwJTIwcGFkZGluZyUzQSUyMDAlMjAycmVtJTNCJTBBJTIwJTIwJTIwJTIwYm9yZGVyLXJhZGl1cyUzQSUyMDE2cHglM0IlMEElN0QlMEElM0MlMkZzdHlsZSUzRQ==[\/vc_raw_html][\/vc_column][\/vc_row][vc_row][vc_column][vc_basic_grid post_type=&#8221;post&#8221; max_items=&#8221;10000&#8243; element_width=&#8221;3&#8243; item=&#8221;2879&#8243; initial_loading_animation=&#8221;rubberBand&#8221; grid_id=&#8221;vc_gid:1647802695060-7ee1fdf45e8a6fdfd4f31f3160b8ccf2-1&#8243; taxonomies=&#8221;238&#8243;][\/vc_column][\/vc_row][vc_row][vc_column][vc_column_text]<\/p>\n<div class=\"wp-block-columns is-not-stacked-on-mobile is-layout-flex wp-container-core-columns-is-layout-9d6595d7 wp-block-columns-is-layout-flex\">\n<div class=\"wp-block-column is-vertically-aligned-bottom is-layout-flow wp-block-column-is-layout-flow\" style=\"flex-basis:200px\">\n<div class=\"wp-block-buttons is-horizontal is-content-justification-space-between is-layout-flex wp-container-core-buttons-is-layout-9262d1ff wp-block-buttons-is-layout-flex\">\n<div class=\"wp-block-button aligncenter has-custom-font-size\" style=\"font-size: 14px;\"><a class=\"wp-block-button__link has-black-color has-luminous-vivid-amber-background-color has-text-color has-background\" href=\"https:\/\/organizeisler.com.tr\/index.php\/iletisim\/\" rel=\"noopener\">ileti\u015fme ge\u00e7<\/a><\/div>\n<p><\/div>\n<p><\/div>\n<p><br \/>\n<\/p>\n<div class=\"wp-block-column is-vertically-aligned-center is-layout-flow wp-block-column-is-layout-flow\" style=\"flex-basis:220px\">\n<div class=\"wp-block-buttons is-content-justification-right is-layout-flex wp-container-core-buttons-is-layout-765c4724 wp-block-buttons-is-layout-flex\">\n<div class=\"wp-block-button has-custom-font-size is-style-outline is-style-outline--1\" style=\"font-size: 14px;\"><a class=\"wp-block-button__link\" href=\"https:\/\/organizeisler.com.tr\/index.php\/hizmetler\/\" rel=\"noopener\">Di\u011fer hizmetler<\/a><\/div>\n<p><\/div>\n<p><\/div>\n<p><\/div>\n<p><br \/>\n<div style=\"font-size:9px;font-style:normal;font-weight:700;\" class=\"wp-block-post-author\"><div class=\"wp-block-post-author__avatar\"><img alt='' src='https:\/\/secure.gravatar.com\/avatar\/9bd75fa9570b861f0024447255a474689ca2d7bc2ad0134321daccc54a70efa5?s=48&#038;d=mm&#038;r=g' srcset='https:\/\/secure.gravatar.com\/avatar\/9bd75fa9570b861f0024447255a474689ca2d7bc2ad0134321daccc54a70efa5?s=96&#038;d=mm&#038;r=g 2x' class='avatar avatar-48 photo' height='48' width='48' \/><\/div><div class=\"wp-block-post-author__content\"><p class=\"wp-block-post-author__name\">AL\u0130 KORAY<\/p><p class=\"wp-block-post-author__bio\"><\/p><\/div><\/div><br \/>\n[\/vc_column_text][\/vc_column][\/vc_row]<\/p>\n","protected":false},"excerpt":{"rendered":"<p>[vc_row][vc_column][vc_column_text] S\u00dcNNET D\u00dc\u011e\u00dcN\u00dc S\u00fcnnet d\u00fc\u011f\u00fcn\u00fc\u00a0erkek \u00e7ocu\u011fun\u00a0s\u00fcnnet\u00a0ettirilmesinin kutlanmas\u0131d\u0131r.\u00a0S\u00fcnnet\u00a0d\u00fc\u011f\u00fcn\u00fcn\u00fc yapan aile o\u011flunun\u00a0s\u00fcnnet\u00a0edilmesine duydu\u011fu sevinci, yak\u0131nlar\u0131yla bunu kutlayarak payla\u015f\u0131r. \u0130slam dininin gereklerinden olan her erkek \u00e7ocu\u011funun\u00a0s\u00fcnnet\u00a0edilmesi halk aras\u0131nda baz\u0131 gelenekleri beraberinde getirmi\u015ftir S\u00fcnnet d\u00fc\u011f\u00fcn\u00fcnde masa sandalyelerin kiralanmas\u0131, s\u00fcslenmesi, \u00e7ocu\u011fun giyinmesi, isteniyorsa palya\u00e7o se\u00e7imi ve g\u00f6sterimlerin haz\u0131rlanmas\u0131, mevlit okutulmas\u0131, misafirlerin davet etmek i\u00e7in davetiye bast\u0131r\u0131lmas\u0131 gibi her t\u00fcrl\u00fc gereksinimler [&hellip;]<\/p>\n","protected":false},"author":2,"featured_media":3166,"parent":0,"menu_order":0,"comment_status":"closed","ping_status":"closed","template":"page-builder.php","meta":{"footnotes":""},"class_list":["post-3165","page","type-page","status-publish","has-post-thumbnail","hentry"],"_links":{"self":[{"href":"https:\/\/organizeisler.com.tr\/index.php\/wp-json\/wp\/v2\/pages\/3165","targetHints":{"allow":["GET"]}}],"collection":[{"href":"https:\/\/organizeisler.com.tr\/index.php\/wp-json\/wp\/v2\/pages"}],"about":[{"href":"https:\/\/organizeisler.com.tr\/index.php\/wp-json\/wp\/v2\/types\/page"}],"author":[{"embeddable":true,"href":"https:\/\/organizeisler.com.tr\/index.php\/wp-json\/wp\/v2\/users\/2"}],"replies":[{"embeddable":true,"href":"https:\/\/organizeisler.com.tr\/index.php\/wp-json\/wp\/v2\/comments?post=3165"}],"version-history":[{"count":6,"href":"https:\/\/organizeisler.com.tr\/index.php\/wp-json\/wp\/v2\/pages\/3165\/revisions"}],"predecessor-version":[{"id":3175,"href":"https:\/\/organizeisler.com.tr\/index.php\/wp-json\/wp\/v2\/pages\/3165\/revisions\/3175"}],"wp:featuredmedia":[{"embeddable":true,"href":"https:\/\/organizeisler.com.tr\/index.php\/wp-json\/wp\/v2\/media\/3166"}],"wp:attachment":[{"href":"https:\/\/organizeisler.com.tr\/index.php\/wp-json\/wp\/v2\/media?parent=3165"}],"curies":[{"name":"wp","href":"https:\/\/api.w.org\/{rel}","templated":true}]}}