{"id":3138,"date":"2022-03-20T04:56:16","date_gmt":"2022-03-20T01:56:16","guid":{"rendered":"https:\/\/organizeisler.com.tr\/?page_id=3138"},"modified":"2022-04-09T06:18:06","modified_gmt":"2022-04-09T03:18:06","slug":"galeri","status":"publish","type":"page","link":"https:\/\/organizeisler.com.tr\/index.php\/galeri\/","title":{"rendered":"GALER\u0130"},"content":{"rendered":"<p>[vc_row][vc_column css=&#8221;.vc_custom_1649474285382{margin-top: 4px !important;margin-right: 12px !important;margin-bottom: 4px !important;margin-left: 12px !important;}&#8221;][vc_basic_grid post_type=&#8221;post&#8221; max_items=&#8221;10000&#8243; element_width=&#8221;3&#8243; gap=&#8221;4&#8243; item=&#8221;mediaGrid_SlideOutCaption&#8221; grid_id=&#8221;vc_gid:1649474264778-84d76b9b-64a1-1&#8243;][\/vc_column][\/vc_row][vc_row][vc_column][vc_column_text]<\/p>\r\n<div class=\"wp-block-buttons is-content-justification-center is-layout-flex wp-container-core-buttons-is-layout-16018d1d wp-block-buttons-is-layout-flex\">\n<div class=\"wp-block-button is-style-fill\"><a class=\"wp-block-button__link has-black-color has-luminous-vivid-amber-background-color has-text-color has-background\" href=\"https:\/\/organizeisler.com.tr\/index.php\/iletisim\/\">\u0130leti\u015fime ge\u00e7<\/a><\/div>\n<\/div>\n\r\n\r\n<div class=\"wp-block-post-author\"><div class=\"wp-block-post-author__avatar\"><img alt='' src='https:\/\/secure.gravatar.com\/avatar\/e4558edcfe8534a384f7779259af0a23428299761df8cd33b5cf3e68668b89dc?s=48&#038;d=mm&#038;r=g' srcset='https:\/\/secure.gravatar.com\/avatar\/e4558edcfe8534a384f7779259af0a23428299761df8cd33b5cf3e68668b89dc?s=96&#038;d=mm&#038;r=g 2x' class='avatar avatar-48 photo' height='48' width='48' \/><\/div><div class=\"wp-block-post-author__content\"><p class=\"wp-block-post-author__name\">Ahmed<\/p><\/div><\/div>[\/vc_column_text][\/vc_column][\/vc_row][vc_row][vc_column][\/vc_column][\/vc_row]<\/p>","protected":false},"excerpt":{"rendered":"<p>[vc_row][vc_column css=&#8221;.vc_custom_1649474285382{margin-top: 4px !important;margin-right: 12px !important;margin-bottom: 4px !important;margin-left: 12px !important;}&#8221;][vc_basic_grid post_type=&#8221;post&#8221; max_items=&#8221;10000&#8243; element_width=&#8221;3&#8243; gap=&#8221;4&#8243; item=&#8221;mediaGrid_SlideOutCaption&#8221; grid_id=&#8221;vc_gid:1649474264778-84d76b9b-64a1-1&#8243;][\/vc_column][\/vc_row][vc_row][vc_column][vc_column_text] [\/vc_column_text][\/vc_column][\/vc_row][vc_row][vc_column][\/vc_column][\/vc_row]<\/p>\n","protected":false},"author":1,"featured_media":0,"parent":0,"menu_order":0,"comment_status":"closed","ping_status":"closed","template":"page-builder.php","meta":{"footnotes":""},"class_list":["post-3138","page","type-page","status-publish","hentry"],"_links":{"self":[{"href":"https:\/\/organizeisler.com.tr\/index.php\/wp-json\/wp\/v2\/pages\/3138","targetHints":{"allow":["GET"]}}],"collection":[{"href":"https:\/\/organizeisler.com.tr\/index.php\/wp-json\/wp\/v2\/pages"}],"about":[{"href":"https:\/\/organizeisler.com.tr\/index.php\/wp-json\/wp\/v2\/types\/page"}],"author":[{"embeddable":true,"href":"https:\/\/organizeisler.com.tr\/index.php\/wp-json\/wp\/v2\/users\/1"}],"replies":[{"embeddable":true,"href":"https:\/\/organizeisler.com.tr\/index.php\/wp-json\/wp\/v2\/comments?post=3138"}],"version-history":[{"count":7,"href":"https:\/\/organizeisler.com.tr\/index.php\/wp-json\/wp\/v2\/pages\/3138\/revisions"}],"predecessor-version":[{"id":3473,"href":"https:\/\/organizeisler.com.tr\/index.php\/wp-json\/wp\/v2\/pages\/3138\/revisions\/3473"}],"wp:attachment":[{"href":"https:\/\/organizeisler.com.tr\/index.php\/wp-json\/wp\/v2\/media?parent=3138"}],"curies":[{"name":"wp","href":"https:\/\/api.w.org\/{rel}","templated":true}]}}