{"id":3092,"date":"2022-03-20T03:51:20","date_gmt":"2022-03-20T00:51:20","guid":{"rendered":"https:\/\/organizeisler.com.tr\/?page_id=3092"},"modified":"2022-04-09T06:20:07","modified_gmt":"2022-04-09T03:20:07","slug":"dogum-gunu","status":"publish","type":"page","link":"https:\/\/organizeisler.com.tr\/index.php\/dogum-gunu\/","title":{"rendered":"DO\u011eUM G\u00dcN\u00dc"},"content":{"rendered":"<p>[vc_row][vc_column][vc_column_text]<\/p>\n\n\n<\/p>\n<h2 class=\"has-text-align-center wp-block-heading\">DO\u011eUM G\u00dcN\u00dc<\/h2>\n\n\n<p style=\"text-align: center;\">Do\u011fum G\u00fcn\u00fc Organizasyonu; \u0130nsanlar, ya\u015f\u0131 ne olursa olsun mutlu olmak ve sevdikleri ile beraber vakit ge\u00e7irmek isterler. Do\u011fum g\u00fcnleri ise birlikte vakit ge\u00e7irilecek \u00f6zel bir g\u00fcnd\u00fcr.her ya\u015ftan insan\u0131n do\u011fum g\u00fcn\u00fc kutlayabilece\u011fi gibi bu do\u011fum g\u00fcnlerini g\u00fczel bir \u015fekilde organize edebilirsiniz.<\/p>\n<p>[\/vc_column_text][\/vc_column][\/vc_row][vc_row][vc_column][vc_raw_html]JTNDaDIlMjBzdHlsZSUzRCUyMiUyMiUyMGNsYXNzJTNEJTIyY2VudHJlLWxpbmUlMjIlM0UlM0NzcGFuJTNFRE8lQzQlOUVVTSUyMEclQzMlOUNOTEVSJUM0JUIwJTNDJTJGc3BhbiUzRSUzQyUyRmgyJTNFJTBBJTNDc3R5bGUlM0UlMEFoMi5jZW50cmUtbGluZSUwQSU3QiUwQSUyMHdpZHRoJTNBJTIwMTAwJTI1JTNCJTBBJTIwJTIwJTIwJTIwdGV4dC1hbGlnbiUzQSUyMGNlbnRlciUzQiUwQSUyMCUyMCUyMCUyMGJvcmRlci1ib3R0b20lM0ElMjAwLjJyZW0lMjBzb2xpZCUyMCUyM2ZmYzcxMiUzQiUwQSUyMCUyMCUyMCUyMGxpbmUtaGVpZ2h0JTNBJTIwMC4xZW0lM0IlMEElMjAlMjAlMjAlMjBtYXJnaW4lM0ElMjAyLjVyZW0lMjAwJTI1JTNCJTBBJTIwJTIwJTIwJTIwYm9yZGVyLXJhZGl1cyUzQSUyMDBweCUzQiUwQSU3RCUwQSUwQSUwQWgyLmNlbnRyZS1saW5lJTIwc3BhbiUwQSU3QiUyMCUwQSUyMCUyMCUyMGJhY2tncm91bmQtY29sb3IlM0ElMjAlMjNmZmM3MTIlM0IlMEElMjAlMjAlMjAlMjBwYWRkaW5nJTNBJTIwMCUyMDJyZW0lM0IlMEElMjAlMjAlMjAlMjBib3JkZXItcmFkaXVzJTNBJTIwMTZweCUzQiUwQSU3RCUwQSUzQyUyRnN0eWxlJTNF[\/vc_raw_html][\/vc_column][\/vc_row][vc_row][vc_column][vc_basic_grid post_type=&#8221;post&#8221; max_items=&#8221;10000&#8243; element_width=&#8221;3&#8243; item=&#8221;2879&#8243; initial_loading_animation=&#8221;rubberBand&#8221; grid_id=&#8221;vc_gid:1647738036491-8d224d153aae55400f11675adb274f58-4&#8243; taxonomies=&#8221;225&#8243;][\/vc_column][\/vc_row]<\/p>\n\n\n<div class=\"wp-block-columns is-not-stacked-on-mobile is-layout-flex wp-container-core-columns-is-layout-9d6595d7 wp-block-columns-is-layout-flex\">\n<div class=\"wp-block-column is-vertically-aligned-bottom is-layout-flow wp-block-column-is-layout-flow\" style=\"flex-basis:200px\">\n<div class=\"wp-block-buttons is-horizontal is-content-justification-space-between is-layout-flex wp-container-core-buttons-is-layout-9262d1ff wp-block-buttons-is-layout-flex\">\n<div class=\"wp-block-button aligncenter has-custom-font-size\" style=\"font-size: 14px;\"><a class=\"wp-block-button__link has-black-color has-luminous-vivid-amber-background-color has-text-color has-background\" href=\"https:\/\/organizeisler.com.tr\/index.php\/iletisim\/\" rel=\"noopener\">ileti\u015fme ge\u00e7<\/a><\/div>\n<p>\n<\/div>\n<\/div>\n\n\n\n<div class=\"wp-block-column is-vertically-aligned-center is-layout-flow wp-block-column-is-layout-flow\" style=\"flex-basis:220px\">\n<div class=\"wp-block-buttons is-content-justification-right is-layout-flex wp-container-core-buttons-is-layout-765c4724 wp-block-buttons-is-layout-flex\">\n<div class=\"wp-block-button has-custom-font-size is-style-outline is-style-outline--1\" style=\"font-size: 14px;\"><a class=\"wp-block-button__link\" href=\"https:\/\/organizeisler.com.tr\/index.php\/hizmetler\/\" rel=\"noopener\">Di\u011fer hizmetler<\/a><\/div>\n<p>\n<\/div>\n<\/div>\n<\/div>\n\n\n<div style=\"font-size:9px;font-style:normal;font-weight:700;\" class=\"wp-block-post-author\"><div class=\"wp-block-post-author__avatar\"><img alt='' src='https:\/\/secure.gravatar.com\/avatar\/e4558edcfe8534a384f7779259af0a23428299761df8cd33b5cf3e68668b89dc?s=48&#038;d=mm&#038;r=g' srcset='https:\/\/secure.gravatar.com\/avatar\/e4558edcfe8534a384f7779259af0a23428299761df8cd33b5cf3e68668b89dc?s=96&#038;d=mm&#038;r=g 2x' class='avatar avatar-48 photo' height='48' width='48' \/><\/div><div class=\"wp-block-post-author__content\"><p class=\"wp-block-post-author__name\">Ahmed<\/p><p class=\"wp-block-post-author__bio\"><\/p><\/div><\/div>\n\n<p><\/p>\n\n\n<p><br><\/p>\n","protected":false},"excerpt":{"rendered":"<p>[vc_row][vc_column][vc_column_text] DO\u011eUM G\u00dcN\u00dc Do\u011fum G\u00fcn\u00fc Organizasyonu; \u0130nsanlar, ya\u015f\u0131 ne olursa olsun mutlu olmak ve sevdikleri ile beraber vakit ge\u00e7irmek isterler. Do\u011fum g\u00fcnleri ise birlikte vakit ge\u00e7irilecek \u00f6zel bir g\u00fcnd\u00fcr.her ya\u015ftan insan\u0131n do\u011fum g\u00fcn\u00fc kutlayabilece\u011fi gibi bu do\u011fum g\u00fcnlerini g\u00fczel bir \u015fekilde organize edebilirsiniz. [\/vc_column_text][\/vc_column][\/vc_row][vc_row][vc_column][vc_raw_html]JTNDaDIlMjBzdHlsZSUzRCUyMiUyMiUyMGNsYXNzJTNEJTIyY2VudHJlLWxpbmUlMjIlM0UlM0NzcGFuJTNFRE8lQzQlOUVVTSUyMEclQzMlOUNOTEVSJUM0JUIwJTNDJTJGc3BhbiUzRSUzQyUyRmgyJTNFJTBBJTNDc3R5bGUlM0UlMEFoMi5jZW50cmUtbGluZSUwQSU3QiUwQSUyMHdpZHRoJTNBJTIwMTAwJTI1JTNCJTBBJTIwJTIwJTIwJTIwdGV4dC1hbGlnbiUzQSUyMGNlbnRlciUzQiUwQSUyMCUyMCUyMCUyMGJvcmRlci1ib3R0b20lM0ElMjAwLjJyZW0lMjBzb2xpZCUyMCUyM2ZmYzcxMiUzQiUwQSUyMCUyMCUyMCUyMGxpbmUtaGVpZ2h0JTNBJTIwMC4xZW0lM0IlMEElMjAlMjAlMjAlMjBtYXJnaW4lM0ElMjAyLjVyZW0lMjAwJTI1JTNCJTBBJTIwJTIwJTIwJTIwYm9yZGVyLXJhZGl1cyUzQSUyMDBweCUzQiUwQSU3RCUwQSUwQSUwQWgyLmNlbnRyZS1saW5lJTIwc3BhbiUwQSU3QiUyMCUwQSUyMCUyMCUyMGJhY2tncm91bmQtY29sb3IlM0ElMjAlMjNmZmM3MTIlM0IlMEElMjAlMjAlMjAlMjBwYWRkaW5nJTNBJTIwMCUyMDJyZW0lM0IlMEElMjAlMjAlMjAlMjBib3JkZXItcmFkaXVzJTNBJTIwMTZweCUzQiUwQSU3RCUwQSUzQyUyRnN0eWxlJTNF[\/vc_raw_html][\/vc_column][\/vc_row][vc_row][vc_column][vc_basic_grid post_type=&#8221;post&#8221; max_items=&#8221;10000&#8243; element_width=&#8221;3&#8243; item=&#8221;2879&#8243; initial_loading_animation=&#8221;rubberBand&#8221; grid_id=&#8221;vc_gid:1647738036491-8d224d153aae55400f11675adb274f58-4&#8243; taxonomies=&#8221;225&#8243;][\/vc_column][\/vc_row]<\/p>\n","protected":false},"author":1,"featured_media":3201,"parent":0,"menu_order":0,"comment_status":"closed","ping_status":"closed","template":"page-builder.php","meta":{"footnotes":""},"class_list":["post-3092","page","type-page","status-publish","has-post-thumbnail","hentry"],"_links":{"self":[{"href":"https:\/\/organizeisler.com.tr\/index.php\/wp-json\/wp\/v2\/pages\/3092","targetHints":{"allow":["GET"]}}],"collection":[{"href":"https:\/\/organizeisler.com.tr\/index.php\/wp-json\/wp\/v2\/pages"}],"about":[{"href":"https:\/\/organizeisler.com.tr\/index.php\/wp-json\/wp\/v2\/types\/page"}],"author":[{"embeddable":true,"href":"https:\/\/organizeisler.com.tr\/index.php\/wp-json\/wp\/v2\/users\/1"}],"replies":[{"embeddable":true,"href":"https:\/\/organizeisler.com.tr\/index.php\/wp-json\/wp\/v2\/comments?post=3092"}],"version-history":[{"count":6,"href":"https:\/\/organizeisler.com.tr\/index.php\/wp-json\/wp\/v2\/pages\/3092\/revisions"}],"predecessor-version":[{"id":3200,"href":"https:\/\/organizeisler.com.tr\/index.php\/wp-json\/wp\/v2\/pages\/3092\/revisions\/3200"}],"wp:featuredmedia":[{"embeddable":true,"href":"https:\/\/organizeisler.com.tr\/index.php\/wp-json\/wp\/v2\/media\/3201"}],"wp:attachment":[{"href":"https:\/\/organizeisler.com.tr\/index.php\/wp-json\/wp\/v2\/media?parent=3092"}],"curies":[{"name":"wp","href":"https:\/\/api.w.org\/{rel}","templated":true}]}}