{"id":3085,"date":"2022-03-20T03:40:01","date_gmt":"2022-03-20T00:40:01","guid":{"rendered":"https:\/\/organizeisler.com.tr\/?page_id=3085"},"modified":"2022-04-09T06:20:29","modified_gmt":"2022-04-09T03:20:29","slug":"ozel-davetler","status":"publish","type":"page","link":"https:\/\/organizeisler.com.tr\/index.php\/ozel-davetler\/","title":{"rendered":"\u00d6zel Davetler"},"content":{"rendered":"\n<\/p>\n<h1 class=\"has-text-align-center wp-block-heading\">\u00d6zel Davetler<\/h1>\n<p>\n\n\n<p><\/p>\n\n\n<p class=\"has-text-align-center\">Bug\u00fcne dek \u00e7ok say\u0131da mutluluk daveti davetin yarat\u0131c\u0131s\u0131 ve destek\u00e7isi olan<strong> Organize i\u015fler,<\/strong> detaylarla fark yaratarak davetlerin vazge\u00e7ilmezi olmaya devam ediyor. En konsept ve trend d\u00fc\u011f\u00fcn, ni\u015fan ve s\u00f6z davetlerinizde daima yan\u0131n\u0131zday\u0131z\u2026<\/p>\n<p>[vc_row][vc_column][vc_raw_html]JTNDaDIlMjBzdHlsZSUzRCUyMiUyMiUyMGNsYXNzJTNEJTIyY2VudHJlLWxpbmUlMjIlM0UlM0NzcGFuJTNFJUMzJTk2WkVMJTIwREFWRVRMRVIlM0MlMkZzcGFuJTNFJTNDJTJGaDIlM0UlMEElM0NzdHlsZSUzRSUwQWgyLmNlbnRyZS1saW5lJTBBJTdCJTBBJTIwd2lkdGglM0ElMjAxMDAlMjUlM0IlMEElMjAlMjAlMjAlMjB0ZXh0LWFsaWduJTNBJTIwY2VudGVyJTNCJTBBJTIwJTIwJTIwJTIwYm9yZGVyLWJvdHRvbSUzQSUyMDAuMnJlbSUyMHNvbGlkJTIwJTIzZmZjNzEyJTNCJTBBJTIwJTIwJTIwJTIwbGluZS1oZWlnaHQlM0ElMjAwLjFlbSUzQiUwQSUyMCUyMCUyMCUyMG1hcmdpbiUzQSUyMDIuNXJlbSUyMDAlMjUlM0IlMEElMjAlMjAlMjAlMjBib3JkZXItcmFkaXVzJTNBJTIwMHB4JTNCJTBBJTdEJTBBJTBBJTBBaDIuY2VudHJlLWxpbmUlMjBzcGFuJTBBJTdCJTIwJTBBJTIwJTIwJTIwYmFja2dyb3VuZC1jb2xvciUzQSUyMCUyM2ZmYzcxMiUzQiUwQSUyMCUyMCUyMCUyMHBhZGRpbmclM0ElMjAwJTIwMnJlbSUzQiUwQSUyMCUyMCUyMCUyMGJvcmRlci1yYWRpdXMlM0ElMjAxNnB4JTNCJTBBJTdEJTBBJTNDJTJGc3R5bGUlM0U=[\/vc_raw_html][\/vc_column][\/vc_row][vc_row][vc_column][vc_basic_grid post_type=&#8221;post&#8221; max_items=&#8221;10000&#8243; element_width=&#8221;3&#8243; item=&#8221;2879&#8243; initial_loading_animation=&#8221;rubberBand&#8221; grid_id=&#8221;vc_gid:1647737714758-fcc8aad2-3075-5&#8243; taxonomies=&#8221;234&#8243;][\/vc_column][\/vc_row][vc_row][vc_column][vc_column_text]\n\n\n<p>[vc_row][vc_column width=&#8221;1\/1&#8243;][vc_column_text]<\/p>\n\n\n<div class=\"wp-block-columns is-not-stacked-on-mobile is-layout-flex wp-container-core-columns-is-layout-9d6595d7 wp-block-columns-is-layout-flex\">\n<div class=\"wp-block-column is-vertically-aligned-bottom is-layout-flow wp-block-column-is-layout-flow\" style=\"flex-basis:200px\">\n<div class=\"wp-block-buttons is-horizontal is-content-justification-space-between is-layout-flex wp-container-core-buttons-is-layout-9262d1ff wp-block-buttons-is-layout-flex\">\n<div class=\"wp-block-button aligncenter has-custom-font-size\" style=\"font-size:14px\"><a class=\"wp-block-button__link has-black-color has-luminous-vivid-amber-background-color has-text-color has-background\" href=\"https:\/\/organizeisler.com.tr\/index.php\/iletisim\/\" rel=\"noopener\">ileti\u015fme ge\u00e7<\/a><\/div>\n<\/div>\n<\/div>\n\n\n\n<div class=\"wp-block-column is-vertically-aligned-center is-layout-flow wp-block-column-is-layout-flow\" style=\"flex-basis:220px\">\n<div class=\"wp-block-buttons is-content-justification-right is-layout-flex wp-container-core-buttons-is-layout-765c4724 wp-block-buttons-is-layout-flex\">\n<div class=\"wp-block-button has-custom-font-size is-style-outline is-style-outline--1\" style=\"font-size:14px\"><a class=\"wp-block-button__link\" href=\"https:\/\/organizeisler.com.tr\/index.php\/hizmetler\/\" rel=\"noopener\">Di\u011fer hizmetler<\/a><\/div>\n<\/div>\n<\/div>\n<\/div>\n\n\n<div style=\"font-size:9px;font-style:normal;font-weight:700;\" class=\"wp-block-post-author\"><div class=\"wp-block-post-author__avatar\"><img alt='' src='https:\/\/secure.gravatar.com\/avatar\/e4558edcfe8534a384f7779259af0a23428299761df8cd33b5cf3e68668b89dc?s=48&#038;d=mm&#038;r=g' srcset='https:\/\/secure.gravatar.com\/avatar\/e4558edcfe8534a384f7779259af0a23428299761df8cd33b5cf3e68668b89dc?s=96&#038;d=mm&#038;r=g 2x' class='avatar avatar-48 photo' height='48' width='48' \/><\/div><div class=\"wp-block-post-author__content\"><p class=\"wp-block-post-author__name\">Ahmed<\/p><p class=\"wp-block-post-author__bio\"><\/p><\/div><\/div>\n\n\n<p><\/p>\n","protected":false},"excerpt":{"rendered":"<p>\u00d6zel Davetler Bug\u00fcne dek \u00e7ok say\u0131da mutluluk daveti davetin yarat\u0131c\u0131s\u0131 ve destek\u00e7isi olan Organize i\u015fler, detaylarla fark yaratarak davetlerin vazge\u00e7ilmezi olmaya devam ediyor. En konsept ve trend d\u00fc\u011f\u00fcn, ni\u015fan ve s\u00f6z davetlerinizde daima yan\u0131n\u0131zday\u0131z\u2026 [vc_row][vc_column][vc_raw_html]JTNDaDIlMjBzdHlsZSUzRCUyMiUyMiUyMGNsYXNzJTNEJTIyY2VudHJlLWxpbmUlMjIlM0UlM0NzcGFuJTNFJUMzJTk2WkVMJTIwREFWRVRMRVIlM0MlMkZzcGFuJTNFJTNDJTJGaDIlM0UlMEElM0NzdHlsZSUzRSUwQWgyLmNlbnRyZS1saW5lJTBBJTdCJTBBJTIwd2lkdGglM0ElMjAxMDAlMjUlM0IlMEElMjAlMjAlMjAlMjB0ZXh0LWFsaWduJTNBJTIwY2VudGVyJTNCJTBBJTIwJTIwJTIwJTIwYm9yZGVyLWJvdHRvbSUzQSUyMDAuMnJlbSUyMHNvbGlkJTIwJTIzZmZjNzEyJTNCJTBBJTIwJTIwJTIwJTIwbGluZS1oZWlnaHQlM0ElMjAwLjFlbSUzQiUwQSUyMCUyMCUyMCUyMG1hcmdpbiUzQSUyMDIuNXJlbSUyMDAlMjUlM0IlMEElMjAlMjAlMjAlMjBib3JkZXItcmFkaXVzJTNBJTIwMHB4JTNCJTBBJTdEJTBBJTBBJTBBaDIuY2VudHJlLWxpbmUlMjBzcGFuJTBBJTdCJTIwJTBBJTIwJTIwJTIwYmFja2dyb3VuZC1jb2xvciUzQSUyMCUyM2ZmYzcxMiUzQiUwQSUyMCUyMCUyMCUyMHBhZGRpbmclM0ElMjAwJTIwMnJlbSUzQiUwQSUyMCUyMCUyMCUyMGJvcmRlci1yYWRpdXMlM0ElMjAxNnB4JTNCJTBBJTdEJTBBJTNDJTJGc3R5bGUlM0U=[\/vc_raw_html][\/vc_column][\/vc_row][vc_row][vc_column][vc_basic_grid post_type=&#8221;post&#8221; max_items=&#8221;10000&#8243; element_width=&#8221;3&#8243; item=&#8221;2879&#8243; initial_loading_animation=&#8221;rubberBand&#8221; grid_id=&#8221;vc_gid:1647737714758-fcc8aad2-3075-5&#8243; taxonomies=&#8221;234&#8243;][\/vc_column][\/vc_row][vc_row][vc_column][vc_column_text] [vc_row][vc_column width=&#8221;1\/1&#8243;][vc_column_text]<\/p>\n","protected":false},"author":1,"featured_media":3086,"parent":0,"menu_order":0,"comment_status":"closed","ping_status":"closed","template":"page-builder.php","meta":{"footnotes":""},"class_list":["post-3085","page","type-page","status-publish","has-post-thumbnail","hentry"],"_links":{"self":[{"href":"https:\/\/organizeisler.com.tr\/index.php\/wp-json\/wp\/v2\/pages\/3085","targetHints":{"allow":["GET"]}}],"collection":[{"href":"https:\/\/organizeisler.com.tr\/index.php\/wp-json\/wp\/v2\/pages"}],"about":[{"href":"https:\/\/organizeisler.com.tr\/index.php\/wp-json\/wp\/v2\/types\/page"}],"author":[{"embeddable":true,"href":"https:\/\/organizeisler.com.tr\/index.php\/wp-json\/wp\/v2\/users\/1"}],"replies":[{"embeddable":true,"href":"https:\/\/organizeisler.com.tr\/index.php\/wp-json\/wp\/v2\/comments?post=3085"}],"version-history":[{"count":10,"href":"https:\/\/organizeisler.com.tr\/index.php\/wp-json\/wp\/v2\/pages\/3085\/revisions"}],"predecessor-version":[{"id":3103,"href":"https:\/\/organizeisler.com.tr\/index.php\/wp-json\/wp\/v2\/pages\/3085\/revisions\/3103"}],"wp:featuredmedia":[{"embeddable":true,"href":"https:\/\/organizeisler.com.tr\/index.php\/wp-json\/wp\/v2\/media\/3086"}],"wp:attachment":[{"href":"https:\/\/organizeisler.com.tr\/index.php\/wp-json\/wp\/v2\/media?parent=3085"}],"curies":[{"name":"wp","href":"https:\/\/api.w.org\/{rel}","templated":true}]}}