{"id":3049,"date":"2022-03-20T02:24:16","date_gmt":"2022-03-19T23:24:16","guid":{"rendered":"https:\/\/organizeisler.com.tr\/?page_id=3049"},"modified":"2022-04-09T06:19:02","modified_gmt":"2022-04-09T03:19:02","slug":"evlilik-teklifi","status":"publish","type":"page","link":"https:\/\/organizeisler.com.tr\/index.php\/evlilik-teklifi\/","title":{"rendered":"Evlilik Teklifi"},"content":{"rendered":"<p>[vc_row][vc_column][vc_column_text]<\/p>\n\n\n<\/p>\r\n<h1 class=\"has-text-align-center wp-block-heading\"><strong>Evlilik Teklifi<\/strong><\/h1>\n\n\n<p><\/p>\n\n\nEvlilik bir toplumda sa\u011fl\u0131kl\u0131 ailelerin olu\u015fmas\u0131 i\u00e7in gerekli olan en temel birliktelik bi\u00e7imidir. Bir zamanlar birbirini tan\u0131mayan iki insan, evlenerek bir aile olu\u015fturmaya karar verir. Bundan dolay\u0131 evlenmek ne kadar mutluluk verici olsa da bazen bir o kadar da zordur. \u00c7\u00fcnk\u00fc dedi\u011fimiz gibi iki farkl\u0131 insan, \u00e7ok \u00f6nemli ve kutsal bir birliktelik olu\u015ftururlar. Hayatlar\u0131n\u0131 sonuna kadar birbirine adar ve sadakat s\u00f6z\u00fc verirler.<\/p>\n\n\n<p>&nbsp;<\/p>\n\n\n<div class=\"wp-block-columns is-not-stacked-on-mobile is-layout-flex wp-container-core-columns-is-layout-9d6595d7 wp-block-columns-is-layout-flex\">\n<div class=\"wp-block-column is-vertically-aligned-bottom is-layout-flow wp-block-column-is-layout-flow\" style=\"flex-basis:200px\">\n<div class=\"wp-block-buttons is-horizontal is-content-justification-space-between is-layout-flex wp-container-core-buttons-is-layout-9262d1ff wp-block-buttons-is-layout-flex\">\n<div class=\"wp-block-button aligncenter has-custom-font-size\" style=\"font-size: 14px;\"><a class=\"wp-block-button__link has-black-color has-luminous-vivid-amber-background-color has-text-color has-background\" href=\"https:\/\/organizeisler.com.tr\/index.php\/iletisim\/\" rel=\"noopener\">ileti\u015fme ge\u00e7<\/a><\/div>\r\n<p>\n<\/div>\n<\/div>\n\n\n\n<div class=\"wp-block-column is-vertically-aligned-center is-layout-flow wp-block-column-is-layout-flow\" style=\"flex-basis:220px\">\n<div class=\"wp-block-buttons is-content-justification-right is-layout-flex wp-container-core-buttons-is-layout-765c4724 wp-block-buttons-is-layout-flex\">\n<div class=\"wp-block-button has-custom-font-size is-style-outline is-style-outline--1\" style=\"font-size: 14px;\"><a class=\"wp-block-button__link\" href=\"https:\/\/organizeisler.com.tr\/index.php\/hizmetler\/\" rel=\"noopener\">Di\u011fer hizmetler<\/a><\/div>\r\n<p>\n<\/div>\n<\/div>\n<\/div>\n\n\n<p>&nbsp;<\/p>\n\n<div style=\"font-size:9px;font-style:normal;font-weight:700;\" class=\"wp-block-post-author\"><div class=\"wp-block-post-author__avatar\"><img alt='' src='https:\/\/secure.gravatar.com\/avatar\/e4558edcfe8534a384f7779259af0a23428299761df8cd33b5cf3e68668b89dc?s=48&#038;d=mm&#038;r=g' srcset='https:\/\/secure.gravatar.com\/avatar\/e4558edcfe8534a384f7779259af0a23428299761df8cd33b5cf3e68668b89dc?s=96&#038;d=mm&#038;r=g 2x' class='avatar avatar-48 photo' height='48' width='48' \/><\/div><div class=\"wp-block-post-author__content\"><p class=\"wp-block-post-author__name\">Ahmed<\/p><p class=\"wp-block-post-author__bio\"><\/p><\/div><\/div>\n\n<p><\/p>\n\n\n<p><\/p>\n\n\n<p>[\/vc_column_text][\/vc_column][\/vc_row][vc_row][vc_column][vc_raw_html]JTNDaDIlMjBzdHlsZSUzRCUyMiUyMiUyMGNsYXNzJTNEJTIyY2VudHJlLWxpbmUlMjIlM0UlM0NzcGFuJTNFRXZsaWxpayUyMHRla2xpZmxlcmklM0MlMkZzcGFuJTNFJTNDJTJGaDIlM0UlMEElM0NzdHlsZSUzRSUwQWgyLmNlbnRyZS1saW5lJTBBJTdCJTBBJTIwd2lkdGglM0ElMjAxMDAlMjUlM0IlMEElMjAlMjAlMjAlMjB0ZXh0LWFsaWduJTNBJTIwY2VudGVyJTNCJTBBJTIwJTIwJTIwJTIwYm9yZGVyLWJvdHRvbSUzQSUyMDAuMnJlbSUyMHNvbGlkJTIwJTIzZmZjNzEyJTNCJTBBJTIwJTIwJTIwJTIwbGluZS1oZWlnaHQlM0ElMjAwLjFlbSUzQiUwQSUyMCUyMCUyMCUyMG1hcmdpbiUzQSUyMDIuNXJlbSUyMDAlMjUlM0IlMEElMjAlMjAlMjAlMjBib3JkZXItcmFkaXVzJTNBJTIwMHB4JTNCJTBBJTdEJTBBJTBBJTBBaDIuY2VudHJlLWxpbmUlMjBzcGFuJTBBJTdCJTIwJTBBJTIwJTIwJTIwYmFja2dyb3VuZC1jb2xvciUzQSUyMCUyM2ZmYzcxMiUzQiUwQSUyMCUyMCUyMCUyMHBhZGRpbmclM0ElMjAwJTIwMnJlbSUzQiUwQSUyMCUyMCUyMCUyMGJvcmRlci1yYWRpdXMlM0ElMjAxNnB4JTNCJTBBJTdEJTBBJTNDJTJGc3R5bGUlM0U=[\/vc_raw_html][\/vc_column][\/vc_row][vc_row][vc_column][vc_basic_grid post_type=&#8221;post&#8221; max_items=&#8221;10000&#8243; element_width=&#8221;3&#8243; item=&#8221;2879&#8243; initial_loading_animation=&#8221;rubberBand&#8221; grid_id=&#8221;vc_gid:1647733203894-f0e906b8-6e67-1&#8243; taxonomies=&#8221;229, 243&#8243;][\/vc_column][\/vc_row]<\/p>","protected":false},"excerpt":{"rendered":"<p>[vc_row][vc_column][vc_column_text] Evlilik Teklifi Evlilik bir toplumda sa\u011fl\u0131kl\u0131 ailelerin olu\u015fmas\u0131 i\u00e7in gerekli olan en temel birliktelik bi\u00e7imidir. Bir zamanlar birbirini tan\u0131mayan iki insan, evlenerek bir aile olu\u015fturmaya karar verir. Bundan dolay\u0131 evlenmek ne kadar mutluluk verici olsa da bazen bir o kadar da zordur. \u00c7\u00fcnk\u00fc dedi\u011fimiz gibi iki farkl\u0131 insan, \u00e7ok \u00f6nemli ve kutsal bir birliktelik [&hellip;]<\/p>\n","protected":false},"author":1,"featured_media":3210,"parent":0,"menu_order":0,"comment_status":"closed","ping_status":"closed","template":"page-builder.php","meta":{"footnotes":""},"class_list":["post-3049","page","type-page","status-publish","has-post-thumbnail","hentry"],"_links":{"self":[{"href":"https:\/\/organizeisler.com.tr\/index.php\/wp-json\/wp\/v2\/pages\/3049","targetHints":{"allow":["GET"]}}],"collection":[{"href":"https:\/\/organizeisler.com.tr\/index.php\/wp-json\/wp\/v2\/pages"}],"about":[{"href":"https:\/\/organizeisler.com.tr\/index.php\/wp-json\/wp\/v2\/types\/page"}],"author":[{"embeddable":true,"href":"https:\/\/organizeisler.com.tr\/index.php\/wp-json\/wp\/v2\/users\/1"}],"replies":[{"embeddable":true,"href":"https:\/\/organizeisler.com.tr\/index.php\/wp-json\/wp\/v2\/comments?post=3049"}],"version-history":[{"count":17,"href":"https:\/\/organizeisler.com.tr\/index.php\/wp-json\/wp\/v2\/pages\/3049\/revisions"}],"predecessor-version":[{"id":3072,"href":"https:\/\/organizeisler.com.tr\/index.php\/wp-json\/wp\/v2\/pages\/3049\/revisions\/3072"}],"wp:featuredmedia":[{"embeddable":true,"href":"https:\/\/organizeisler.com.tr\/index.php\/wp-json\/wp\/v2\/media\/3210"}],"wp:attachment":[{"href":"https:\/\/organizeisler.com.tr\/index.php\/wp-json\/wp\/v2\/media?parent=3049"}],"curies":[{"name":"wp","href":"https:\/\/api.w.org\/{rel}","templated":true}]}}