{"id":3038,"date":"2022-03-20T01:43:50","date_gmt":"2022-03-19T22:43:50","guid":{"rendered":"https:\/\/organizeisler.com.tr\/?page_id=3038"},"modified":"2022-04-09T06:19:22","modified_gmt":"2022-04-09T03:19:22","slug":"kina-gecesi","status":"publish","type":"page","link":"https:\/\/organizeisler.com.tr\/index.php\/kina-gecesi\/","title":{"rendered":"KINA GECES\u0130"},"content":{"rendered":"<p>[vc_row][vc_column][vc_column_text]<\/p>\n\n\n<\/p>\n<h1 class=\"has-text-align-center wp-block-heading\">KINA GECES\u0130<\/h1>\n\n\n\n<div class=\"wp-block-image is-style-rounded\"><figure class=\"alignright size-full is-resized\"><img loading=\"lazy\" decoding=\"async\" src=\"https:\/\/organizeisler.com.tr\/wp-content\/uploads\/2022\/03\/2017-07-31@10-01-36-583_kina-1.jpg\" alt=\"\" class=\"wp-image-3040\" width=\"377\" height=\"250\" srcset=\"https:\/\/organizeisler.com.tr\/wp-content\/uploads\/2022\/03\/2017-07-31@10-01-36-583_kina-1.jpg 482w, https:\/\/organizeisler.com.tr\/wp-content\/uploads\/2022\/03\/2017-07-31@10-01-36-583_kina-1-300x199.jpg 300w\" sizes=\"auto, (max-width: 377px) 100vw, 377px\" \/><\/figure><\/div>\n\n\n<p><\/p>\n\n\nKINA GECES\u0130 Hayat\u0131m\u0131z\u0131n en unutulmaz g\u00fcnlerinden biri olan d\u00fc\u011f\u00fcn \u00f6ncesi geleneksel k\u00fclt\u00fcr\u00fcm\u00fcz\u00fcn bir par\u00e7as\u0131 olarak k\u0131na gecesi d\u00fczenlenir. Bu \u00f6zel gecede gelinin ailesi, akrabalar\u0131 ve arkada\u015flar\u0131 bir araya gelir, t\u00fcrk\u00fcler s\u00f6ylenir, oyunlar oynan\u0131r. Bir yandan kurulacak yeni yuvan\u0131n mutlulu\u011fu ya\u015fan\u0131rken bir yandan gelinin evden ayr\u0131lacak olmas\u0131 h\u00fcz\u00fcnl\u00fc bir hava yarat\u0131r. Ailelerin tercihlerine ve y\u00f6renin k\u00fclt\u00fcr\u00fcne g\u00f6re k\u0131na gecesine damat ve erkek taraf\u0131 da kat\u0131labilir ya da sadece kad\u0131nlar aras\u0131nda bir organizasyon d\u00fczenlenebilir. Gelinin baba evinden ayr\u0131laca\u011f\u0131 bu son g\u00fcnde t\u00fcrk\u00fcler ve oyunlar e\u015fli\u011finde bir T\u00fcrk-\u0130slam gelene\u011fi olarak geline k\u0131na yak\u0131l\u0131r. Geleneksel olarak k\u0131na yak\u0131lmas\u0131n\u0131n farkl\u0131 anlamlar\u0131 oldu\u011fu tahmin edilmekle birlikte genel kan\u0131 atalar\u0131m\u0131z\u0131n k\u0131nay\u0131 yeni \u00e7iftin mutluluklar\u0131na g\u00f6lge d\u00fc\u015f\u00fcrecek olaylardan korumayacak bir rit\u00fcel olarak yakt\u0131\u011f\u0131 d\u0131r. Eski \u00e7a\u011flarda k\u0131nan\u0131n yeni \u00e7ifti nazar ve k\u00f6t\u00fcl\u00fcklerden koruyaca\u011f\u0131 ve \u00e7iftin mutluluklar\u0131n\u0131n daimi olaca\u011f\u0131 d\u00fc\u015f\u00fcn\u00fclm\u00fc\u015ft\u00fcr. E\u015flerin birbirine adanm\u0131\u015fl\u0131\u011f\u0131n\u0131n sembol\u00fc olarak gelinin eline k\u0131na yak\u0131l\u0131r.<\/p>\n\n\n<p><\/p>\n\n\nK\u0131na Gecesi Organizasyon Hizmetleri<\/p>\n<p>\n\n\n<p>[\/vc_column_text][\/vc_column][\/vc_row][vc_row][vc_column][vc_raw_html]JTNDaDIlMjBzdHlsZSUzRCUyMiUyMiUyMGNsYXNzJTNEJTIyY2VudHJlLWxpbmUlMjIlM0UlM0NzcGFuJTNFS0lOQSUyMEdFQ0VMRVIlQzQlQjAlM0MlMkZzcGFuJTNFJTNDJTJGaDIlM0UlMEElM0NzdHlsZSUzRSUwQWgyLmNlbnRyZS1saW5lJTBBJTdCJTBBJTIwd2lkdGglM0ElMjAxMDAlMjUlM0IlMEElMjAlMjAlMjAlMjB0ZXh0LWFsaWduJTNBJTIwY2VudGVyJTNCJTBBJTIwJTIwJTIwJTIwYm9yZGVyLWJvdHRvbSUzQSUyMDAuMnJlbSUyMHNvbGlkJTIwJTIzZmZjNzEyJTNCJTBBJTIwJTIwJTIwJTIwbGluZS1oZWlnaHQlM0ElMjAwLjFlbSUzQiUwQSUyMCUyMCUyMCUyMG1hcmdpbiUzQSUyMDIuNXJlbSUyMDAlMjUlM0IlMEElMjAlMjAlMjAlMjBib3JkZXItcmFkaXVzJTNBJTIwMHB4JTNCJTBBJTdEJTBBJTBBJTBBaDIuY2VudHJlLWxpbmUlMjBzcGFuJTBBJTdCJTIwJTBBJTIwJTIwJTIwYmFja2dyb3VuZC1jb2xvciUzQSUyMCUyM2ZmYzcxMiUzQiUwQSUyMCUyMCUyMCUyMHBhZGRpbmclM0ElMjAwJTIwMnJlbSUzQiUwQSUyMCUyMCUyMCUyMGJvcmRlci1yYWRpdXMlM0ElMjAxNnB4JTNCJTBBJTdEJTBBJTNDJTJGc3R5bGUlM0U=[\/vc_raw_html][\/vc_column][\/vc_row][vc_row][vc_column][vc_basic_grid post_type=&#8221;post&#8221; max_items=&#8221;10000&#8243; element_width=&#8221;3&#8243; item=&#8221;2879&#8243; initial_loading_animation=&#8221;rubberBand&#8221; grid_id=&#8221;vc_gid:1647738499156-7ec98c61497e26a864c4c51c3c830cbc-0&#8243; taxonomies=&#8221;231&#8243;][\/vc_column][\/vc_row][vc_row][vc_column][vc_column_text][vc_row][vc_column width=&#8221;1\/1&#8243;][vc_column_text]<br \/><!-- \/wp:post-content -->[\/vc_column_text][\/vc_column][\/vc_row][vc_row][vc_column][vc_column_text][vc_row][vc_column width=&#8221;1\/1&#8243;][vc_column_text]<\/p>\n<p><!-- wp:columns {\"isStackedOnMobile\":false} --><\/p>\n<div class=\"wp-block-columns is-not-stacked-on-mobile\"><!-- wp:column {\"verticalAlignment\":\"bottom\",\"width\":\"200px\"} -->\n<p>\u00a0<\/p>\n<div class=\"wp-block-column is-vertically-aligned-bottom\" style=\"flex-basis: 200px;\"><!-- wp:buttons {\"layout\":{\"type\":\"flex\",\"justifyContent\":\"space-between\",\"orientation\":\"horizontal\"}} -->\n<p>\u00a0<\/p>\n<div class=\"wp-block-buttons\"><!-- wp:button {\"backgroundColor\":\"luminous-vivid-amber\",\"textColor\":\"black\",\"align\":\"center\",\"style\":{\"typography\":{\"fontSize\":\"14px\"}}} -->\n<p>\u00a0<\/p>\n<div class=\"wp-block-button aligncenter has-custom-font-size\" style=\"font-size: 14px;\"><a class=\"wp-block-button__link has-black-color has-luminous-vivid-amber-background-color has-text-color has-background\" href=\"https:\/\/organizeisler.com.tr\/index.php\/iletisim\/\" rel=\"noopener\">ileti\u015fme ge\u00e7<\/a><\/div>\n<p><!-- \/wp:button --><\/p>\n<\/div>\n<p><!-- \/wp:buttons --><\/p>\n<\/div>\n<p><!-- \/wp:column --><br \/><!-- wp:column {\"verticalAlignment\":\"center\",\"width\":\"220px\"} --><\/p>\n<div class=\"wp-block-column is-vertically-aligned-center\" style=\"flex-basis: 220px;\"><!-- wp:buttons {\"layout\":{\"type\":\"flex\",\"justifyContent\":\"right\"}} -->\n<p>\u00a0<\/p>\n<div class=\"wp-block-buttons\"><!-- wp:button {\"style\":{\"typography\":{\"fontSize\":\"14px\"}},\"className\":\"is-style-outline\"} -->\n<p>\u00a0<\/p>\n<div class=\"wp-block-button has-custom-font-size is-style-outline\" style=\"font-size: 14px; text-align: right;\"><a class=\"wp-block-button__link\" href=\"https:\/\/organizeisler.com.tr\/index.php\/hizmetler\/\" rel=\"noopener\">Di\u011fer hizmetler<\/a><\/div>\n<p><!-- \/wp:button --><\/p>\n<\/div>\n<p><!-- \/wp:buttons --><\/p>\n<\/div>\n<p>\u00a0<\/p>\n<\/div>\n<p><!-- wp:post-author {\"showBio\":true,\"byline\":\"\",\"style\":{\"typography\":{\"fontStyle\":\"normal\",\"fontWeight\":\"700\",\"fontSize\":\"9px\"}}} \/--><\/p>\n<p><!-- wp:paragraph\n<\/p>\n\n--><\/p><!-- \/wp:column -->","protected":false},"excerpt":{"rendered":"<p>[vc_row][vc_column][vc_column_text] KINA GECES\u0130 KINA GECES\u0130 Hayat\u0131m\u0131z\u0131n en unutulmaz g\u00fcnlerinden biri olan d\u00fc\u011f\u00fcn \u00f6ncesi geleneksel k\u00fclt\u00fcr\u00fcm\u00fcz\u00fcn bir par\u00e7as\u0131 olarak k\u0131na gecesi d\u00fczenlenir. Bu \u00f6zel gecede gelinin ailesi, akrabalar\u0131 ve arkada\u015flar\u0131 bir araya gelir, t\u00fcrk\u00fcler s\u00f6ylenir, oyunlar oynan\u0131r. Bir yandan kurulacak yeni yuvan\u0131n mutlulu\u011fu ya\u015fan\u0131rken bir yandan gelinin evden ayr\u0131lacak olmas\u0131 h\u00fcz\u00fcnl\u00fc bir hava yarat\u0131r. Ailelerin tercihlerine [&hellip;]<\/p>\n","protected":false},"author":1,"featured_media":3039,"parent":0,"menu_order":0,"comment_status":"closed","ping_status":"closed","template":"page-builder.php","meta":{"footnotes":""},"class_list":["post-3038","page","type-page","status-publish","has-post-thumbnail","hentry"],"_links":{"self":[{"href":"https:\/\/organizeisler.com.tr\/index.php\/wp-json\/wp\/v2\/pages\/3038","targetHints":{"allow":["GET"]}}],"collection":[{"href":"https:\/\/organizeisler.com.tr\/index.php\/wp-json\/wp\/v2\/pages"}],"about":[{"href":"https:\/\/organizeisler.com.tr\/index.php\/wp-json\/wp\/v2\/types\/page"}],"author":[{"embeddable":true,"href":"https:\/\/organizeisler.com.tr\/index.php\/wp-json\/wp\/v2\/users\/1"}],"replies":[{"embeddable":true,"href":"https:\/\/organizeisler.com.tr\/index.php\/wp-json\/wp\/v2\/comments?post=3038"}],"version-history":[{"count":11,"href":"https:\/\/organizeisler.com.tr\/index.php\/wp-json\/wp\/v2\/pages\/3038\/revisions"}],"predecessor-version":[{"id":3121,"href":"https:\/\/organizeisler.com.tr\/index.php\/wp-json\/wp\/v2\/pages\/3038\/revisions\/3121"}],"wp:featuredmedia":[{"embeddable":true,"href":"https:\/\/organizeisler.com.tr\/index.php\/wp-json\/wp\/v2\/media\/3039"}],"wp:attachment":[{"href":"https:\/\/organizeisler.com.tr\/index.php\/wp-json\/wp\/v2\/media?parent=3038"}],"curies":[{"name":"wp","href":"https:\/\/api.w.org\/{rel}","templated":true}]}}