{"id":1821,"date":"2022-02-13T17:10:16","date_gmt":"2022-02-13T14:10:16","guid":{"rendered":"http:\/\/verno.local\/?page_id=1821"},"modified":"2022-03-15T09:03:14","modified_gmt":"2022-03-15T06:03:14","slug":"iletisim","status":"publish","type":"page","link":"https:\/\/organizeisler.com.tr\/index.php\/iletisim\/","title":{"rendered":"\u0130leti\u015fim Bilgileri"},"content":{"rendered":"<p>[vc_row use_container=&#8221;yes&#8221; use_predefined_class=&#8221;yes&#8221; predefined_class=&#8221;contact&#8221;][vc_column][vc_row_inner][vc_column_inner][tf_address animate_block=&#8221;yes&#8221;]<\/p>\n<h2><\/h2>\n<h2>\u0130leti\u015fime ge\u00e7<\/h2>\n<p>[\/tf_address][\/vc_column_inner][\/vc_row_inner][vc_row_inner][vc_column_inner width=&#8221;1\/2&#8243;][tf_address type=&#8221;contact-box&#8221; animate_block=&#8221;yes&#8221; animation_type=&#8221;fadeIn&#8221;]<\/p>\n<h2 class=\"widget-title\">ADRES<\/h2>\n<div class=\"textwidget\">\n<p>Emek Mah. Adnan Menderes Blv. \u00dcnal Office KAT: 4\u00a0 D: 53<br \/>\n<!--more--><\/p>\n<p>SAFRANBOLU \/ KARAB\u00dcK<\/p>\n<\/div>\n<p>[\/tf_address][\/vc_column_inner][vc_column_inner width=&#8221;1\/2&#8243;][tf_address type=&#8221;contact-box&#8221; animate_block=&#8221;yes&#8221; animation_type=&#8221;fadeIn&#8221; animation_delay=&#8221;0.1s&#8221;]<\/p>\n<h4>Hemen ARA<\/h4>\n<p><a href=\"tel:+905366160678\">0(536) 616 06 78<\/a><\/p>\n<div class=\"content-box\">\n<div class=\"textwidget\">\n<p><a href=\"mailto:akm@organizelser.com.tr\">akm@organizeisler.com.tr<\/a><\/p>\n<\/div>\n<\/div>\n<div class=\"content-box\"><\/div>\n<p>[\/tf_address][\/vc_column_inner][\/vc_row_inner][vc_raw_html]JTNDZGl2JTIwc3R5bGUlM0QlMjJqdXN0aWZ5LWl0ZW1zJTNBY2VudGVyJTNCJTIyJTNFJTIwJTBBJTA5JTNDYSUyMGhyZWYlM0QlMjIlMjMlMjIlMjBjbGFzcyUzRCUyMmZhJTIwZmEtZmFjZWJvb2slMjIlM0UlM0MlMkZhJTNFJTBBJTA5JTNDYSUyMGhyZWYlM0QlMjIlMjMlMjIlMjBjbGFzcyUzRCUyMmZhJTIwZmEteW91dHViZSUyMiUzRSUzQyUyRmElM0UlMEElMDklM0NhJTIwaHJlZiUzRCUyMmh0dHBzJTNBJTJGJTJGd3d3Lmluc3RhZ3JhbS5jb20lMkZvcmdhbml6ZWlzbGVya2FyYWJ1ayUyRiUzRnV0bV9tZWRpdW0lM0Rjb3B5X2xpbmslMjIlMjBjbGFzcyUzRCUyMmZhJTIwZmEtaW5zdGFncmFtJTIyJTNFJTNDJTJGYSUzRSUwQSUwOSUzQ2ElMjBocmVmJTNEJTIyaHR0cHMlM0ElMkYlMkZ3ZWIud2hhdHNhcHAuY29tJTJGc2VuZCUzRnBob25lJTNEOTA1MzY2MTYwNjc4JTI2dGV4dCUzRE1lcmhhYmElMjUyMCUyNTIwJTI1RjAlMjU5RiUyNTk2JTI1OTAlMjUyMG9yZ2FuaXplaXNsZXIuY29tLnRyJTI1MjAlMjUyMHNpdGVzaW5kZW4lMjUyMHNpemUlMjUyMHVsYSUyNUM1JTI1OUYlMjVDNCUyNUIxeW9ydW0uJTIyJTIwY2xhc3MlM0QlMjJmYSUyMGZhLXdoYXRzYXBwJTIyJTNFJTNDJTJGYSUzRSUwQSUzQyUyRmRpdiUzRQ==[\/vc_raw_html][vc_row_inner][vc_column_inner][vc_gmaps link=&#8221;#E-8_JTNDaWZyYW1lJTIwc3JjJTNEJTIyaHR0cHMlM0ElMkYlMkZ3d3cuZ29vZ2xlLmNvbSUyRm1hcHMlMkZlbWJlZCUzRnBiJTNEJTIxMW0xOCUyMTFtMTIlMjExbTMlMjExZDc0OS45NDk4MjQzMTE2Nzc3JTIxMmQzMi42ODE2MDYyNzgwNjA3OSUyMTNkNDEuMjQ3OTI5NTcxMjM4MTElMjEybTMlMjExZjAlMjEyZjAlMjEzZjAlMjEzbTIlMjExaTEwMjQlMjEyaTc2OCUyMTRmMTMuMSUyMTNtMyUyMTFtMiUyMTFzMHg0MDljYWJkZjQxNDllOTk5JTI1M0EweDIyZWU0MjU3ZWU4YWExNyUyMTJzJTI1QzMlMjU5Q25hbCUyNTIwT2ZmaWNlJTI1MjBDZW50ZXIlMjE1ZTAlMjEzbTIlMjExc3RyJTIxMnN0ciUyMTR2MTYzNTQ4NzI4OTg1NCUyMTVtMiUyMTFzdHIlMjEyc3RyJTIyJTIwd2lkdGglM0QlMjI1MDAlMjIlMjBoZWlnaHQlM0QlMjIzNzAlMjIlMjBzdHlsZSUzRCUyMmJvcmRlciUzQTAlM0IlMjIlMjBhbGxvd2Z1bGxzY3JlZW4lM0QlMjIlMjIlMjBsb2FkaW5nJTNEJTIybGF6eSUyMiUzRSUzQyUyRmlmcmFtZSUzRQ==&#8221;][\/vc_column_inner][\/vc_row_inner][\/vc_column][\/vc_row][vc_row][vc_column][\/vc_column][\/vc_row]<\/p>\n","protected":false},"excerpt":{"rendered":"<p>[vc_row use_container=&#8221;yes&#8221; use_predefined_class=&#8221;yes&#8221; predefined_class=&#8221;contact&#8221;][vc_column][vc_row_inner][vc_column_inner][tf_address animate_block=&#8221;yes&#8221;] \u0130leti\u015fime ge\u00e7 [\/tf_address][\/vc_column_inner][\/vc_row_inner][vc_row_inner][vc_column_inner width=&#8221;1\/2&#8243;][tf_address type=&#8221;contact-box&#8221; animate_block=&#8221;yes&#8221; animation_type=&#8221;fadeIn&#8221;] ADRES Emek Mah. Adnan Menderes Blv. \u00dcnal Office KAT: 4\u00a0 D: 53<\/p>\n","protected":false},"author":2,"featured_media":0,"parent":0,"menu_order":0,"comment_status":"closed","ping_status":"closed","template":"page-builder.php","meta":{"footnotes":""},"class_list":["post-1821","page","type-page","status-publish","hentry"],"_links":{"self":[{"href":"https:\/\/organizeisler.com.tr\/index.php\/wp-json\/wp\/v2\/pages\/1821","targetHints":{"allow":["GET"]}}],"collection":[{"href":"https:\/\/organizeisler.com.tr\/index.php\/wp-json\/wp\/v2\/pages"}],"about":[{"href":"https:\/\/organizeisler.com.tr\/index.php\/wp-json\/wp\/v2\/types\/page"}],"author":[{"embeddable":true,"href":"https:\/\/organizeisler.com.tr\/index.php\/wp-json\/wp\/v2\/users\/2"}],"replies":[{"embeddable":true,"href":"https:\/\/organizeisler.com.tr\/index.php\/wp-json\/wp\/v2\/comments?post=1821"}],"version-history":[{"count":5,"href":"https:\/\/organizeisler.com.tr\/index.php\/wp-json\/wp\/v2\/pages\/1821\/revisions"}],"predecessor-version":[{"id":2758,"href":"https:\/\/organizeisler.com.tr\/index.php\/wp-json\/wp\/v2\/pages\/1821\/revisions\/2758"}],"wp:attachment":[{"href":"https:\/\/organizeisler.com.tr\/index.php\/wp-json\/wp\/v2\/media?parent=1821"}],"curies":[{"name":"wp","href":"https:\/\/api.w.org\/{rel}","templated":true}]}}