{"id":1735,"date":"2022-02-09T07:19:41","date_gmt":"2022-02-09T04:19:41","guid":{"rendered":"http:\/\/verno.local\/?page_id=1735"},"modified":"2022-04-11T06:32:19","modified_gmt":"2022-04-11T03:32:19","slug":"home","status":"publish","type":"page","link":"https:\/\/organizeisler.com.tr\/","title":{"rendered":"AKM ORGAN\u0130ZE \u0130\u015eLER"},"content":{"rendered":"<p>[vc_row][vc_column][ts_hero_slider hero_slider=&#8221;1732&#8243;][\/vc_column][\/vc_row][vc_row gap=&#8221;2&#8243; content_placement=&#8221;middle&#8221;][vc_column css_animation=&#8221;bounceInUp&#8221; offset=&#8221;vc_col-lg-12&#8243;][vc_raw_html el_class=&#8221;h2.centre-line { width:40%; text-align:center; border-bottom:0.1rem solid ##ffc712; line-height:0.1em; margin:2.5rem 30%; } h2.centre-line span { background-color:#fff; padding:0 1rem; }&#8221;]JTNDaDIlMjBzdHlsZSUzRCUyMiUyMiUyMGNsYXNzJTNEJTIyY2VudHJlLWxpbmUlMjIlM0UlM0NzcGFuJTNFSCVDNCVCMFpNRVRMRVIlQzQlQjBNJUM0JUIwWiUzQyUyRnNwYW4lM0UlM0MlMkZoMiUzRSUwQSUzQ3N0eWxlJTNFJTBBaDIuY2VudHJlLWxpbmUlMEElN0IlMEElMjB3aWR0aCUzQSUyMDEwMCUyNSUzQiUwQSUyMCUyMCUyMCUyMHRleHQtYWxpZ24lM0ElMjBjZW50ZXIlM0IlMEElMjAlMjAlMjAlMjBib3JkZXItYm90dG9tJTNBJTIwMC4ycmVtJTIwc29saWQlMjAlMjNmZmM3MTIlM0IlMEElMjAlMjAlMjAlMjBsaW5lLWhlaWdodCUzQSUyMDAuMWVtJTNCJTBBJTIwJTIwJTIwJTIwbWFyZ2luJTNBJTIwMi41cmVtJTIwMCUyNSUzQiUwQSUyMCUyMCUyMCUyMGJvcmRlci1yYWRpdXMlM0ElMjAwcHglM0IlMEElN0QlMEElMEElMEFoMi5jZW50cmUtbGluZSUyMHNwYW4lMEElN0IlMjAlMEElMjAlMjAlMjBiYWNrZ3JvdW5kLWNvbG9yJTNBJTIwJTIzZmZjNzEyJTNCJTBBJTIwJTIwJTIwJTIwcGFkZGluZyUzQSUyMDAlMjAycmVtJTNCJTBBJTIwJTIwJTIwJTIwYm9yZGVyLXJhZGl1cyUzQSUyMDE2cHglM0IlMEElN0QlMEElM0MlMkZzdHlsZSUzRQ==[\/vc_raw_html][\/vc_column][\/vc_row][vc_row css=&#8221;.vc_custom_1647636603636{margin-right: 9px !important;margin-left: 9px !important;}&#8221;][vc_column css_animation=&#8221;fadeInUp&#8221;][vc_basic_grid post_type=&#8221;page&#8221; max_items=&#8221;10&#8243; element_width=&#8221;3&#8243; gap=&#8221;15&#8243; orderby=&#8221;rand&#8221; item=&#8221;2879&#8243; initial_loading_animation=&#8221;fadeInUpBig&#8221; grid_id=&#8221;vc_gid:1649647851097-49c2a383-7f23-6&#8243; exclude=&#8221;2629, 1735, 1821, 3138, 3150&#8243; el_id=&#8221;H\u0130ZMETLER&#8221;][vc_btn title=&#8221;T\u00fcm Hizmetler \u2193&#8221; style=&#8221;flat&#8221; shape=&#8221;round&#8221; color=&#8221;black&#8221; align=&#8221;center&#8221; css_animation=&#8221;fadeInUp&#8221; link=&#8221;url:https%3A%2F%2Forganizeisler.com.tr%2Findex.php%2Fhizmetler%2F|title:H%C4%B0ZMETLER||rel:nofollow&#8221;][\/vc_column][\/vc_row][vc_row css_animation=&#8221;bottom-to-top&#8221; css=&#8221;.vc_custom_1647712815253{background-color: #000000 !important;}&#8221;][vc_column][vc_raw_html]JTNDaDIlMjBzdHlsZSUzRCUyMiUyMiUyMGNsYXNzJTNEJTIyY2VudHJlLWxpbmUlMjBnZjIlMjIlM0UlM0NzcGFuJTIwc3R5bGUlM0QlMjJiYWNrZ3JvdW5kLWNvbG9yJTNBJTIwJTIzZjFhZWYzJTNCY29sb3IlM0ElMjMwMDAwMDAlM0IlMjIlM0UlM0NpJTIwY2xhc3MlM0QlMjdmYXMlMjBmYS1zaG9wcGluZy1iYXNrZXQlMjclM0UlM0MlMkZpJTNFJTIwJUMzJTlDciVDMyVCQ3JubGVyJTNDJTJGc3BhbiUzRSUzQyUyRmgyJTNFJTBBJTNDc3R5bGUlM0UlMEEuZ2YyLmNlbnRyZS1saW5lJTBBJTdCJTBBJTIwd2lkdGglM0ElMjAxMDAlMjUlM0IlMEElMjAlMjAlMjAlMjB0ZXh0LWFsaWduJTNBJTIwY2VudGVyJTNCJTBBJTIwJTIwJTIwJTIwYm9yZGVyLWJvdHRvbSUzQSUyMDAuMnJlbSUyMHNvbGlkJTIwJTIzZjFhZWYzJTNCJTBBJTIwJTIwJTIwJTIwbGluZS1oZWlnaHQlM0ElMjAwLjFlbSUzQiUwQSUyMCUyMCUyMCUyMG1hcmdpbiUzQSUyMDEuNXJlbSUyMDAlMjUlM0IlMEElMjAlMjAlMjAlMEElN0QlMEElMEEuZ2YyJTIwLmNlbnRyZS1saW5lJTIwc3BhbiUwQSU3QiUyMCUwQSUyMCUyMCUwQSUyMCUyMCUyMCUwQSUyMCUyMCUyMCUyMGJvcmRlci1yYWRpdXMlM0ElMjAzM3B4JTNCJTBBY29sb3IlM0ElMjAlMjNmZmM3MTIlM0IlMEElN0QlMEElM0MlMkZzdHlsZSUzRQ==[\/vc_raw_html][\/vc_column][\/vc_row][vc_row css_animation=&#8221;fadeInLeft&#8221; css=&#8221;.vc_custom_1647712842575{margin-right: 7px !important;margin-left: 7px !important;background-color: #000000 !important;}&#8221;][vc_column][vc_basic_grid post_type=&#8221;post&#8221; max_items=&#8221;8&#8243; element_width=&#8221;3&#8243; gap=&#8221;25&#8243; item=&#8221;3003&#8243; initial_loading_animation=&#8221;fadeInRightBig&#8221; grid_id=&#8221;vc_gid:1649647851099-8557761c-302e-0&#8243; css=&#8221;.vc_custom_1649469277305{margin-right: 10px !important;margin-left: 10px !important;}&#8221; taxonomies=&#8221;248, 249&#8243;][vc_btn title=&#8221;T\u00fcm \u00dcr\u00fcnler \u2193&#8221; style=&#8221;flat&#8221; shape=&#8221;round&#8221; color=&#8221;white&#8221; align=&#8221;center&#8221; css_animation=&#8221;fadeInUp&#8221; link=&#8221;url:https%3A%2F%2Forganizeisler.com.tr%2Findex.php%2Furunler%2F|title:H%C4%B0ZMETLER||rel:nofollow&#8221;][\/vc_column][\/vc_row][vc_row css_animation=&#8221;fadeInDown&#8221; css=&#8221;.vc_custom_1647650255898{background-color: #cec2ab !important;}&#8221;][vc_column][vc_raw_html]JTNDaDIlMjBzdHlsZSUzRCUyMiUyMiUyMGNsYXNzJTNEJTIyY2VudHJlLWxpbmUlMjBnZiUyMiUzRSUzQ3NwYW4lMjBzdHlsZSUzRCUyMmJhY2tncm91bmQtY29sb3IlM0ElMjAlMjMwMDAwMDAlM0Jjb2xvciUzQSUyM2ZmYzcxMiUzQiUyMiUzRVNvbiUyMCVDNCVCMCVDNSU5RmxlcmltaXolM0MlMkZzcGFuJTNFJTNDJTJGaDIlM0UlMEElM0NzdHlsZSUzRSUwQS5nZi5jZW50cmUtbGluZSUwQSU3QiUwQSUyMHdpZHRoJTNBJTIwMTAwJTI1JTNCJTBBJTIwJTIwJTIwJTIwdGV4dC1hbGlnbiUzQSUyMGNlbnRlciUzQiUwQSUyMCUyMCUyMCUyMGJvcmRlci1ib3R0b20lM0ElMjAwLjJyZW0lMjBzb2xpZCUyMCUyMzAwMDAwMCUzQiUwQSUyMCUyMCUyMCUyMGxpbmUtaGVpZ2h0JTNBJTIwMC4xZW0lM0IlMEElMjAlMjAlMjAlMjBtYXJnaW4lM0ElMjAyLjVyZW0lMjAwJTI1JTNCJTBBJTIwJTIwJTIwJTIwYm9yZGVyLXJhZGl1cyUzQSUyMDI1cHglM0IlMEElN0QlMEElMEEuZ2YlMjAuY2VudHJlLWxpbmUlMjBzcGFuJTBBJTdCJTIwJTBBJTIwJTIwJTBBJTIwJTIwJTIwJTIwcGFkZGluZyUzQSUyMDdweCUyMDFyZW0lM0IlMEElMjAlMjAlMjAlMjBib3JkZXItcmFkaXVzJTNBJTIwMzNweCUzQiUwQWNvbG9yJTNBJTIwJTIzZmZjNzEyJTNCJTBBJTdEJTBBJTNDJTJGc3R5bGUlM0U=[\/vc_raw_html][\/vc_column][\/vc_row][vc_row css_animation=&#8221;bounceInUp&#8221; css=&#8221;.vc_custom_1647650226687{margin-right: 1px !important;margin-left: 1px !important;background-color: #cec2ab !important;}&#8221;][vc_column][vc_basic_grid post_type=&#8221;post&#8221; max_items=&#8221;10000&#8243; style=&#8221;pagination&#8221; items_per_page=&#8221;4&#8243; show_filter=&#8221;yes&#8221; element_width=&#8221;3&#8243; gap=&#8221;15&#8243; order=&#8221;ASC&#8221; filter_style=&#8221;default-less-rounded&#8221; filter_default_title=&#8221;HEPS\u0130&#8221; filter_size=&#8221;lg&#8221; arrows_design=&#8221;vc_arrow-icon-arrow_07_left&#8221; paging_design=&#8221;pagination_square_light&#8221; loop=&#8221;yes&#8221; item=&#8221;3012&#8243; initial_loading_animation=&#8221;fadeInUp&#8221; grid_id=&#8221;vc_gid:1649647851101-fa1fcc9f-0174-4&#8243; filter_source=&#8221;post_tag&#8221; exclude_filter=&#8221;237, 230&#8243; el_class=&#8221;vc_custom_1647720488668{border-radius: 0px 0px 20px 20px&#8221; paging_animation_in=&#8221;bounceInUp&#8221; paging_animation_out=&#8221;fadeOutLeft&#8221;][\/vc_column][\/vc_row][vc_row][vc_column][vc_empty_space][\/vc_column][\/vc_row][vc_row][vc_column][vc_gmaps link=&#8221;#E-8_JTNDaWZyYW1lJTIwc3JjJTNEJTIyaHR0cHMlM0ElMkYlMkZ3d3cuZ29vZ2xlLmNvbSUyRm1hcHMlMkZlbWJlZCUzRnBiJTNEJTIxMW0xOCUyMTFtMTIlMjExbTMlMjExZDc0OS45NDk4MjQzMTE2Nzc3JTIxMmQzMi42ODE2MDYyNzgwNjA3OSUyMTNkNDEuMjQ3OTI5NTcxMjM4MTElMjEybTMlMjExZjAlMjEyZjAlMjEzZjAlMjEzbTIlMjExaTEwMjQlMjEyaTc2OCUyMTRmMTMuMSUyMTNtMyUyMTFtMiUyMTFzMHg0MDljYWJkZjQxNDllOTk5JTI1M0EweDIyZWU0MjU3ZWU4YWExNyUyMTJzJTI1QzMlMjU5Q25hbCUyNTIwT2ZmaWNlJTI1MjBDZW50ZXIlMjE1ZTAlMjEzbTIlMjExc3RyJTIxMnN0ciUyMTR2MTYzNTQ4NzI4OTg1NCUyMTVtMiUyMTFzdHIlMjEyc3RyJTIyJTIwd2lkdGglM0QlMjI1MDAlMjIlMjBoZWlnaHQlM0QlMjIzNzAlMjIlMjBzdHlsZSUzRCUyMmJvcmRlciUzQTAlM0IlMjIlMjBhbGxvd2Z1bGxzY3JlZW4lM0QlMjIlMjIlMjBsb2FkaW5nJTNEJTIybGF6eSUyMiUzRSUzQyUyRmlmcmFtZSUzRQ==&#8221; css_animation=&#8221;bounceInUp&#8221;][\/vc_column][\/vc_row][vc_row][vc_column][\/vc_column][\/vc_row][vc_column][\/vc_column]<\/p>\n","protected":false},"excerpt":{"rendered":"<p>[vc_row][vc_column][ts_hero_slider hero_slider=&#8221;1732&#8243;][\/vc_column][\/vc_row][vc_row gap=&#8221;2&#8243; content_placement=&#8221;middle&#8221;][vc_column css_animation=&#8221;bounceInUp&#8221; offset=&#8221;vc_col-lg-12&#8243;][vc_raw_html el_class=&#8221;h2.centre-line { width:40%; text-align:center; border-bottom:0.1rem solid ##ffc712; line-height:0.1em; margin:2.5rem 30%; } h2.centre-line span { background-color:#fff; padding:0 1rem; }&#8221;]JTNDaDIlMjBzdHlsZSUzRCUyMiUyMiUyMGNsYXNzJTNEJTIyY2VudHJlLWxpbmUlMjIlM0UlM0NzcGFuJTNFSCVDNCVCMFpNRVRMRVIlQzQlQjBNJUM0JUIwWiUzQyUyRnNwYW4lM0UlM0MlMkZoMiUzRSUwQSUzQ3N0eWxlJTNFJTBBaDIuY2VudHJlLWxpbmUlMEElN0IlMEElMjB3aWR0aCUzQSUyMDEwMCUyNSUzQiUwQSUyMCUyMCUyMCUyMHRleHQtYWxpZ24lM0ElMjBjZW50ZXIlM0IlMEElMjAlMjAlMjAlMjBib3JkZXItYm90dG9tJTNBJTIwMC4ycmVtJTIwc29saWQlMjAlMjNmZmM3MTIlM0IlMEElMjAlMjAlMjAlMjBsaW5lLWhlaWdodCUzQSUyMDAuMWVtJTNCJTBBJTIwJTIwJTIwJTIwbWFyZ2luJTNBJTIwMi41cmVtJTIwMCUyNSUzQiUwQSUyMCUyMCUyMCUyMGJvcmRlci1yYWRpdXMlM0ElMjAwcHglM0IlMEElN0QlMEElMEElMEFoMi5jZW50cmUtbGluZSUyMHNwYW4lMEElN0IlMjAlMEElMjAlMjAlMjBiYWNrZ3JvdW5kLWNvbG9yJTNBJTIwJTIzZmZjNzEyJTNCJTBBJTIwJTIwJTIwJTIwcGFkZGluZyUzQSUyMDAlMjAycmVtJTNCJTBBJTIwJTIwJTIwJTIwYm9yZGVyLXJhZGl1cyUzQSUyMDE2cHglM0IlMEElN0QlMEElM0MlMkZzdHlsZSUzRQ==[\/vc_raw_html][\/vc_column][\/vc_row][vc_row css=&#8221;.vc_custom_1647636603636{margin-right: 9px !important;margin-left: 9px !important;}&#8221;][vc_column css_animation=&#8221;fadeInUp&#8221;][vc_basic_grid post_type=&#8221;page&#8221; max_items=&#8221;10&#8243; element_width=&#8221;3&#8243; gap=&#8221;15&#8243; orderby=&#8221;rand&#8221; item=&#8221;2879&#8243; initial_loading_animation=&#8221;fadeInUpBig&#8221; grid_id=&#8221;vc_gid:1649647851097-49c2a383-7f23-6&#8243; exclude=&#8221;2629, 1735, 1821, 3138, 3150&#8243; el_id=&#8221;H\u0130ZMETLER&#8221;][vc_btn title=&#8221;T\u00fcm Hizmetler \u2193&#8221; style=&#8221;flat&#8221; shape=&#8221;round&#8221; color=&#8221;black&#8221; align=&#8221;center&#8221; css_animation=&#8221;fadeInUp&#8221; link=&#8221;url:https%3A%2F%2Forganizeisler.com.tr%2Findex.php%2Fhizmetler%2F|title:H%C4%B0ZMETLER||rel:nofollow&#8221;][\/vc_column][\/vc_row][vc_row css_animation=&#8221;bottom-to-top&#8221; css=&#8221;.vc_custom_1647712815253{background-color: [&hellip;]<\/p>\n","protected":false},"author":1,"featured_media":2752,"parent":0,"menu_order":0,"comment_status":"closed","ping_status":"closed","template":"page-builder.php","meta":{"footnotes":""},"class_list":["post-1735","page","type-page","status-publish","has-post-thumbnail","hentry"],"_links":{"self":[{"href":"https:\/\/organizeisler.com.tr\/index.php\/wp-json\/wp\/v2\/pages\/1735","targetHints":{"allow":["GET"]}}],"collection":[{"href":"https:\/\/organizeisler.com.tr\/index.php\/wp-json\/wp\/v2\/pages"}],"about":[{"href":"https:\/\/organizeisler.com.tr\/index.php\/wp-json\/wp\/v2\/types\/page"}],"author":[{"embeddable":true,"href":"https:\/\/organizeisler.com.tr\/index.php\/wp-json\/wp\/v2\/users\/1"}],"replies":[{"embeddable":true,"href":"https:\/\/organizeisler.com.tr\/index.php\/wp-json\/wp\/v2\/comments?post=1735"}],"version-history":[{"count":326,"href":"https:\/\/organizeisler.com.tr\/index.php\/wp-json\/wp\/v2\/pages\/1735\/revisions"}],"predecessor-version":[{"id":3476,"href":"https:\/\/organizeisler.com.tr\/index.php\/wp-json\/wp\/v2\/pages\/1735\/revisions\/3476"}],"wp:featuredmedia":[{"embeddable":true,"href":"https:\/\/organizeisler.com.tr\/index.php\/wp-json\/wp\/v2\/media\/2752"}],"wp:attachment":[{"href":"https:\/\/organizeisler.com.tr\/index.php\/wp-json\/wp\/v2\/media?parent=1735"}],"curies":[{"name":"wp","href":"https:\/\/api.w.org\/{rel}","templated":true}]}}